{"id":147,"date":"2026-04-29T03:17:13","date_gmt":"2026-04-29T03:17:13","guid":{"rendered":"https:\/\/rsinsulationboard.com\/?page_id=147"},"modified":"2026-04-29T07:18:59","modified_gmt":"2026-04-29T07:18:59","slug":"terms-of-service","status":"publish","type":"page","link":"https:\/\/rsinsulationboard.com\/vi\/terms-of-service\/","title":{"rendered":"\u0110i\u1ec1u kho\u1ea3n d\u1ecbch v\u1ee5"},"content":{"rendered":"<div data-elementor-type=\"wp-page\" data-elementor-id=\"147\" class=\"elementor elementor-147\" data-elementor-post-type=\"page\">\n\t\t\t\t<div class=\"elementor-element elementor-element-4d35e997 e-con-full e-flex e-con e-parent\" data-id=\"4d35e997\" data-element_type=\"container\" data-e-type=\"container\" data-settings=\"{&quot;background_background&quot;:&quot;classic&quot;}\">\n\t\t\t\t<\/div>\n\t\t<div class=\"elementor-element elementor-element-505c367 e-flex e-con-boxed e-con e-parent\" data-id=\"505c367\" data-element_type=\"container\" data-e-type=\"container\">\n\t\t\t\t\t<div class=\"e-con-inner\">\n\t\t\t\t<div class=\"elementor-element elementor-element-7e2d179 elementor-widget elementor-widget-text-editor\" data-id=\"7e2d179\" data-element_type=\"widget\" data-e-type=\"widget\" data-widget_type=\"text-editor.default\">\n\t\t\t\t\t\t\t\t\t<h2><strong><b>\u0110i\u1ec1u kho\u1ea3n d\u1ecbch v\u1ee5<\/b><\/strong><\/h2><p><strong><b>\u0110\u1ed3ng \u00fd v\u1edbi c\u00e1c \u0111i\u1ec1u kho\u1ea3n<\/b><\/strong><\/p><p>Khi truy c\u1eadp rsinsulationboard.com, b\u1ea1n \u0111\u1ed3ng \u00fd tu\u00e2n th\u1ee7 c\u00e1c \u0110i\u1ec1u kho\u1ea3n D\u1ecbch v\u1ee5 n\u00e0y. N\u1ebfu b\u1ea1n kh\u00f4ng \u0111\u1ed3ng \u00fd v\u1edbi t\u1ea5t c\u1ea3 c\u00e1c \u0111i\u1ec1u kho\u1ea3n n\u00e0y, b\u1ea1n kh\u00f4ng \u0111\u01b0\u1ee3c ph\u00e9p s\u1eed d\u1ee5ng trang web.<\/p><p><strong><b>D\u00e0nh cho m\u1ee5c \u0111\u00edch chuy\u00ean nghi\u1ec7p<\/b><\/strong><\/p><p>Trang web n\u00e0y l\u00e0 m\u1ed9t n\u1ec1n t\u1ea3ng B2B d\u00e0nh cho c\u00e1c doanh nghi\u1ec7p v\u00e0 ng\u01b0\u1eddi mua chuy\u00ean nghi\u1ec7p quan t\u00e2m \u0111\u1ebfn v\u1eadt li\u1ec7u c\u00e1ch nhi\u1ec7t. Qu\u00fd v\u1ecb \u0111\u1ed3ng \u00fd cung c\u1ea5p th\u00f4ng tin ch\u00ednh x\u00e1c v\u00e0 c\u1eadp nh\u1eadt khi g\u1eedi y\u00eau c\u1ea7u.<\/p><p><strong><b>Th\u00f4ng s\u1ed1 k\u1ef9 thu\u1eadt s\u1ea3n ph\u1ea9m<\/b><\/strong><\/p><p>C\u00f4ng ty TNHH V\u1eadt li\u1ec7u X\u00e2y d\u1ef1ng Hebei Renshi lu\u00f4n n\u1ed7 l\u1ef1c h\u1ebft s\u1ee9c \u0111\u1ec3 \u0111\u1ea3m b\u1ea3o t\u00ednh ch\u00ednh x\u00e1c c\u1ee7a c\u00e1c th\u00f4ng s\u1ed1 k\u1ef9 thu\u1eadt, gi\u00e1 tr\u1ecb \u0111\u1ed9 d\u1eabn nhi\u1ec7t v\u00e0 m\u1ee9c \u0111\u1ed9 ch\u1ed1ng ch\u00e1y (v\u00ed d\u1ee5: ASTM, IS 4671). Tuy nhi\u00ean, t\u1ea5t c\u1ea3 d\u1eef li\u1ec7u tr\u00ean ch\u1ec9 mang t\u00ednh ch\u1ea5t tham kh\u1ea3o. Vi\u1ec7c x\u00e1c \u0111\u1ecbnh t\u00ednh ph\u00f9 h\u1ee3p cu\u1ed1i c\u00f9ng cho m\u1ed9t d\u1ef1 \u00e1n c\u1ee5 th\u1ec3 c\u1ea7n \u0111\u01b0\u1ee3c x\u00e1c nh\u1eadn v\u1edbi \u0111\u1ed9i ng\u0169 k\u1ef9 thu\u1eadt c\u1ee7a ch\u00fang t\u00f4i.<\/p><p><strong><b>S\u1edf h\u1eefu tr\u00ed tu\u1ec7<\/b><\/strong><\/p><p>T\u1ea5t c\u1ea3 n\u1ed9i dung tr\u00ean trang web n\u00e0y, bao g\u1ed3m logo RSinsulationboard, h\u00ecnh \u1ea3nh 3D, danh m\u1ee5c s\u1ea3n ph\u1ea9m v\u00e0 t\u00e0i li\u1ec7u k\u1ef9 thu\u1eadt, \u0111\u1ec1u l\u00e0 t\u00e0i s\u1ea3n tr\u00ed tu\u1ec7 c\u1ee7a C\u00f4ng ty. Nghi\u00eam c\u1ea5m sao ch\u00e9p ho\u1eb7c ph\u00e2n ph\u1ed1i tr\u00e1i ph\u00e9p.<\/p><p><strong><b>Li\u00ean k\u1ebft b\u00ean th\u1ee9 ba<\/b><\/strong><\/p><p>Trang web c\u1ee7a ch\u00fang t\u00f4i c\u00f3 th\u1ec3 ch\u1ee9a c\u00e1c li\u00ean k\u1ebft \u0111\u1ebfn c\u00e1c trang web c\u1ee7a b\u00ean th\u1ee9 ba (ch\u1eb3ng h\u1ea1n nh\u01b0 LinkedIn ho\u1eb7c c\u00e1c c\u1ed5ng th\u00f4ng tin ng\u00e0nh). Ch\u00fang t\u00f4i kh\u00f4ng ch\u1ecbu tr\u00e1ch nhi\u1ec7m v\u1ec1 n\u1ed9i dung ho\u1eb7c c\u00e1c ch\u00ednh s\u00e1ch b\u1ea3o m\u1eadt c\u1ee7a c\u00e1c trang web b\u00ean ngo\u00e0i n\u00e0y.<\/p><p><strong><b>Gi\u1edbi h\u1ea1n tr\u00e1ch nhi\u1ec7m<\/b><\/strong><\/p><p>Trong m\u1ecdi tr\u01b0\u1eddng h\u1ee3p, C\u00f4ng ty s\u1ebd kh\u00f4ng ch\u1ecbu tr\u00e1ch nhi\u1ec7m \u0111\u1ed1i v\u1edbi b\u1ea5t k\u1ef3 thi\u1ec7t h\u1ea1i gi\u00e1n ti\u1ebfp, do h\u1eadu qu\u1ea3 ho\u1eb7c ng\u1eabu nhi\u00ean n\u00e0o ph\u00e1t sinh t\u1eeb vi\u1ec7c s\u1eed d\u1ee5ng ho\u1eb7c kh\u00f4ng th\u1ec3 s\u1eed d\u1ee5ng c\u00e1c t\u00e0i li\u1ec7u tr\u00ean trang web n\u00e0y, ngay c\u1ea3 khi \u0111\u00e3 \u0111\u01b0\u1ee3c th\u00f4ng b\u00e1o v\u1ec1 kh\u1ea3 n\u0103ng x\u1ea3y ra nh\u1eefng thi\u1ec7t h\u1ea1i \u0111\u00f3.<\/p><p><strong><b>Lu\u1eadt \u00e1p d\u1ee5ng<\/b><\/strong><\/p><p>C\u00e1c \u0111i\u1ec1u kho\u1ea3n n\u00e0y \u0111\u01b0\u1ee3c \u0111i\u1ec1u ch\u1ec9nh v\u00e0 gi\u1ea3i th\u00edch theo ph\u00e1p lu\u1eadt c\u1ee7a C\u1ed9ng h\u00f2a Nh\u00e2n d\u00e2n Trung Hoa. M\u1ecdi tranh ch\u1ea5p s\u1ebd thu\u1ed9c th\u1ea9m quy\u1ec1n x\u00e9t x\u1eed \u0111\u1ed9c quy\u1ec1n c\u1ee7a c\u00e1c t\u00f2a \u00e1n t\u1ea1i t\u1ec9nh H\u00e0 B\u1eafc.<\/p><p><strong><b>Thay \u0111\u1ed5i \u0110i\u1ec1u kho\u1ea3n<\/b><\/strong><\/p><p>Ch\u00fang t\u00f4i c\u00f3 quy\u1ec1n s\u1eeda \u0111\u1ed5i c\u00e1c \u0111i\u1ec1u kho\u1ea3n n\u00e0y b\u1ea5t c\u1ee9 l\u00fac n\u00e0o. Vi\u1ec7c b\u1ea1n ti\u1ebfp t\u1ee5c s\u1eed d\u1ee5ng trang web sau khi c\u00e1c thay \u0111\u1ed5i \u0111\u01b0\u1ee3c \u0111\u0103ng t\u1ea3i \u0111\u01b0\u1ee3c coi l\u00e0 b\u1ea1n \u0111\u00e3 ch\u1ea5p nh\u1eadn c\u00e1c \u0111i\u1ec1u kho\u1ea3n m\u1edbi.<\/p>\t\t\t\t\t\t\t\t<\/div>\n\t\t\t\t\t<\/div>\n\t\t\t\t<\/div>\n\t\t\t\t<\/div>","protected":false},"excerpt":{"rendered":"<p>Terms of Service Agreement to Terms By accessing rsinsulationboard.com, you agree to be bound by these Terms of Service. If you do not agree with all of these terms, you are prohibited from using the site. Professional Use This website is a B2B platform intended for business entities and professional buyers interested in insulation materials. [&hellip;]<\/p>\n","protected":false},"author":1,"featured_media":0,"parent":0,"menu_order":0,"comment_status":"closed","ping_status":"closed","template":"elementor_header_footer","meta":{"_acf_changed":false,"footnotes":""},"class_list":["post-147","page","type-page","status-publish","hentry"],"acf":[],"_hostinger_reach_plugin_has_subscription_block":false,"_hostinger_reach_plugin_is_elementor":false,"_links":{"self":[{"href":"https:\/\/rsinsulationboard.com\/vi\/wp-json\/wp\/v2\/pages\/147","targetHints":{"allow":["GET"]}}],"collection":[{"href":"https:\/\/rsinsulationboard.com\/vi\/wp-json\/wp\/v2\/pages"}],"about":[{"href":"https:\/\/rsinsulationboard.com\/vi\/wp-json\/wp\/v2\/types\/page"}],"author":[{"embeddable":true,"href":"https:\/\/rsinsulationboard.com\/vi\/wp-json\/wp\/v2\/users\/1"}],"replies":[{"embeddable":true,"href":"https:\/\/rsinsulationboard.com\/vi\/wp-json\/wp\/v2\/comments?post=147"}],"version-history":[{"count":8,"href":"https:\/\/rsinsulationboard.com\/vi\/wp-json\/wp\/v2\/pages\/147\/revisions"}],"predecessor-version":[{"id":5822,"href":"https:\/\/rsinsulationboard.com\/vi\/wp-json\/wp\/v2\/pages\/147\/revisions\/5822"}],"wp:attachment":[{"href":"https:\/\/rsinsulationboard.com\/vi\/wp-json\/wp\/v2\/media?parent=147"}],"curies":[{"name":"wp","href":"https:\/\/api.w.org\/{rel}","templated":true}]}}