{"id":3,"date":"2026-03-10T01:32:44","date_gmt":"2026-03-10T01:32:44","guid":{"rendered":"https:\/\/rsinsulationboard.com\/?page_id=3"},"modified":"2026-04-29T07:20:01","modified_gmt":"2026-04-29T07:20:01","slug":"chinh-sach-bao-mat","status":"publish","type":"page","link":"https:\/\/rsinsulationboard.com\/vi\/chinh-sach-bao-mat\/","title":{"rendered":"Ch\u00ednh s\u00e1ch b\u1ea3o m\u1eadt"},"content":{"rendered":"<div data-elementor-type=\"wp-page\" data-elementor-id=\"3\" class=\"elementor elementor-3\" data-elementor-post-type=\"page\">\n\t\t\t\t<div class=\"elementor-element elementor-element-3c86ce33 e-con-full e-flex e-con e-parent\" data-id=\"3c86ce33\" data-element_type=\"container\" data-e-type=\"container\" data-settings=\"{&quot;background_background&quot;:&quot;classic&quot;}\">\n\t\t\t\t<\/div>\n\t\t<div class=\"elementor-element elementor-element-9964d93 e-flex e-con-boxed e-con e-parent\" data-id=\"9964d93\" data-element_type=\"container\" data-e-type=\"container\">\n\t\t\t\t\t<div class=\"e-con-inner\">\n\t\t\t\t<div class=\"elementor-element elementor-element-09cf14c elementor-widget elementor-widget-text-editor\" data-id=\"09cf14c\" data-element_type=\"widget\" data-e-type=\"widget\" data-widget_type=\"text-editor.default\">\n\t\t\t\t\t\t\t\t\t<h3><strong>Ch\u00ednh s\u00e1ch b\u1ea3o m\u1eadt<\/strong><\/h3><p>C\u00f4ng ty TNHH V\u1eadt li\u1ec7u X\u00e2y d\u1ef1ng Hebei Renshi \/ RSinsulationboard cam k\u1ebft t\u00f4n tr\u1ecdng v\u00e0 b\u1ea3o v\u1ec7 quy\u1ec1n ri\u00eang t\u01b0 c\u1ee7a qu\u00fd kh\u00e1ch. Ch\u00fang t\u00f4i mong mu\u1ed1n minh b\u1ea1ch trong c\u00e1ch th\u1ee9c x\u1eed l\u00fd d\u1eef li\u1ec7u c\u1ee7a qu\u00fd kh\u00e1ch v\u00e0 ch\u1ee9ng minh r\u1eb1ng ch\u00fang t\u00f4i tu\u00e2n th\u1ee7 Quy \u0111\u1ecbnh chung v\u1ec1 b\u1ea3o v\u1ec7 d\u1eef li\u1ec7u (GDPR) kh\u00f4ng ch\u1ec9 trong vi\u1ec7c x\u1eed l\u00fd d\u1eef li\u1ec7u m\u00e0 c\u00f2n trong vi\u1ec7c \u0111\u1ea3m b\u1ea3o qu\u00fd kh\u00e1ch hi\u1ec3u r\u00f5 c\u00e1c quy\u1ec1n l\u1ee3i c\u1ee7a m\u00ecnh v\u1edbi t\u01b0 c\u00e1ch l\u00e0 kh\u00e1ch h\u00e0ng.<\/p><p>M\u1ee5c \u0111\u00edch c\u1ee7a tuy\u00ean b\u1ed1 b\u1ea3o m\u1eadt n\u00e0y l\u00e0 gi\u1ea3i th\u00edch cho qu\u00fd v\u1ecb v\u1ec1 c\u00e1c ch\u00ednh s\u00e1ch x\u1eed l\u00fd th\u00f4ng tin c\u1ee7a C\u00f4ng ty TNHH V\u1eadt li\u1ec7u X\u00e2y d\u1ef1ng H\u00e0 B\u1eafc Renshi \/ RSinsulationboard li\u00ean quan \u0111\u1ebfn th\u00f4ng tin m\u00e0 ch\u00fang t\u00f4i thu th\u1eadp v\u1ec1 qu\u00fd v\u1ecb.<\/p><p>Theo quy \u0111\u1ecbnh c\u1ee7a GDPR, ch\u1ee7 th\u1ec3 ki\u1ec3m so\u00e1t d\u1eef li\u1ec7u l\u00e0:<\/p><p>C\u00f4ng ty TNHH V\u1eadt li\u1ec7u X\u00e2y d\u1ef1ng Hebei Renshi \/ RSinsulationboard<\/p><p>Th\u00f4ng tin li\u00ean h\u1ec7 nh\u01b0 sau:<\/p><p>\u0110\u1ecba ch\u1ec9:<br \/>S\u1ed1 69 \u0111\u01b0\u1eddng Longma, th\u00e0nh ph\u1ed1 Zhuozhou, t\u1ec9nh H\u00e0 B\u1eafc, Trung Qu\u1ed1c<\/p><p>\u0110i\u1ec7n tho\u1ea1i: +8619080771898<\/p><p>Email:\u00a0info@rsinsulationboard.com<\/p><p>Khi ch\u00fang t\u00f4i \u0111\u1ec1 c\u1eadp \u0111\u1ebfn \u2018ch\u00fang t\u00f4i\u2019, \u0111\u00f3 l\u00e0 C\u00f4ng ty TNHH V\u1eadt li\u1ec7u X\u00e2y d\u1ef1ng Hebei Renshi \/ RSinsulationboard<\/p><p>Xin vui l\u00f2ng \u0111\u1ecdc k\u1ef9 Tuy\u00ean b\u1ed1 n\u00e0y v\u00ec \u0111\u00e2y l\u00e0 c\u01a1 s\u1edf \u0111\u1ec3 ch\u00fang t\u00f4i x\u1eed l\u00fd m\u1ecdi d\u1eef li\u1ec7u c\u00e1 nh\u00e2n m\u00e0 ch\u00fang t\u00f4i thu th\u1eadp t\u1eeb qu\u00fd v\u1ecb ho\u1eb7c do qu\u00fd v\u1ecb cung c\u1ea5p cho ch\u00fang t\u00f4i.<\/p><p><strong>Th\u00f4ng tin ch\u00fang t\u00f4i thu th\u1eadp<\/strong><\/p><p>\u0110\u1ec3 cung c\u1ea5p v\u00e0 kh\u00f4ng ng\u1eebng c\u1ea3i thi\u1ec7n D\u1ecbch v\u1ee5 c\u1ee7a ch\u00fang t\u00f4i, ch\u00fang t\u00f4i thu th\u1eadp c\u00e1c lo\u1ea1i th\u00f4ng tin kh\u00e1c nhau, bao g\u1ed3m:<\/p><p>D\u1eef li\u1ec7u c\u00e1 nh\u00e2n Khi s\u1eed d\u1ee5ng D\u1ecbch v\u1ee5 c\u1ee7a ch\u00fang t\u00f4i, ch\u00fang t\u00f4i c\u00f3 th\u1ec3 y\u00eau c\u1ea7u b\u1ea1n cung c\u1ea5p m\u1ed9t s\u1ed1 th\u00f4ng tin nh\u1eadn d\u1ea1ng c\u00e1 nh\u00e2n nh\u1ea5t \u0111\u1ecbnh \u0111\u1ec3 li\u00ean h\u1ec7 ho\u1eb7c x\u00e1c \u0111\u1ecbnh danh t\u00ednh c\u1ee7a b\u1ea1n. Nh\u1eefng th\u00f4ng tin n\u00e0y c\u00f3 th\u1ec3 bao g\u1ed3m, nh\u01b0ng kh\u00f4ng gi\u1edbi h\u1ea1n \u1edf:<\/p><p>\u0110\u1ecba ch\u1ec9 email<\/p><p>H\u1ecd v\u00e0 t\u00ean<\/p><p>S\u1ed1 \u0111i\u1ec7n tho\u1ea1i<\/p><p>\u0110\u1ecba ch\u1ec9, Ti\u1ec3u bang, T\u1ec9nh, M\u00e3 b\u01b0u ch\u00ednh, Th\u00e0nh ph\u1ed1<\/p><p>Th\u00f4ng tin h\u1ed3 s\u01a1 tr\u00ean m\u1ea1ng x\u00e3 h\u1ed9i: N\u1ebfu b\u1ea1n ch\u1ecdn li\u00ean h\u1ec7 ho\u1eb7c t\u01b0\u01a1ng t\u00e1c v\u1edbi ch\u00fang t\u00f4i qua c\u00e1c n\u1ec1n t\u1ea3ng m\u1ea1ng x\u00e3 h\u1ed9i c\u1ee7a b\u00ean th\u1ee9 ba (nh\u01b0 LinkedIn, Facebook, v.v.), ch\u00fang t\u00f4i c\u00f3 th\u1ec3 thu th\u1eadp th\u00f4ng tin h\u1ed3 s\u01a1 c\u00f4ng khai li\u00ean quan \u0111\u1ebfn t\u00e0i kho\u1ea3n c\u1ee7a b\u1ea1n.<\/p><p>D\u1eef li\u1ec7u s\u1eed d\u1ee5ng v\u00e0 c\u00f4ng ngh\u1ec7 theo d\u00f5i Ch\u00fang t\u00f4i s\u1eed d\u1ee5ng c\u00e1c c\u00f4ng c\u1ee5 theo d\u00f5i t\u1ef1 \u0111\u1ed9ng \u0111\u1ec3 gi\u00e1m s\u00e1t v\u00e0 ph\u00e2n t\u00edch c\u00e1ch th\u1ee9c truy c\u1eadp v\u00e0 s\u1eed d\u1ee5ng D\u1ecbch v\u1ee5 c\u1ee7a ch\u00fang t\u00f4i.<\/p><p>Google Analytics: Ch\u00fang t\u00f4i s\u1eed d\u1ee5ng Google Analytics, m\u1ed9t d\u1ecbch v\u1ee5 ph\u00e2n t\u00edch web do Google cung c\u1ea5p, \u0111\u1ec3 theo d\u00f5i v\u00e0 b\u00e1o c\u00e1o l\u01b0u l\u01b0\u1ee3ng truy c\u1eadp trang web. Google s\u1eed d\u1ee5ng d\u1eef li\u1ec7u n\u00e0y \u0111\u1ec3 theo d\u00f5i vi\u1ec7c s\u1eed d\u1ee5ng D\u1ecbch v\u1ee5 c\u1ee7a ch\u00fang t\u00f4i v\u00e0 c\u00f3 th\u1ec3 chia s\u1ebb d\u1eef li\u1ec7u n\u00e0y v\u1edbi c\u00e1c d\u1ecbch v\u1ee5 kh\u00e1c c\u1ee7a Google. Ngo\u00e0i ra, Google c\u00f3 th\u1ec3 s\u1eed d\u1ee5ng d\u1eef li\u1ec7u thu th\u1eadp \u0111\u01b0\u1ee3c \u0111\u1ec3 hi\u1ec3n th\u1ecb qu\u1ea3ng c\u00e1o ph\u00f9 h\u1ee3p v\u1edbi ng\u1eef c\u1ea3nh v\u00e0 c\u00e1 nh\u00e2n h\u00f3a qu\u1ea3ng c\u00e1o trong m\u1ea1ng qu\u1ea3ng c\u00e1o c\u1ee7a ri\u00eang m\u00ecnh.<\/p><p>Cookie: Ch\u00fang t\u00f4i s\u1eed d\u1ee5ng c\u1ea3 cookie phi\u00ean v\u00e0 cookie l\u00e2u d\u00e0i \u0111\u1ec3 ghi nh\u1edb c\u00e1c t\u00f9y ch\u1ecdn c\u1ee7a b\u1ea1n tr\u00ean trang web, ph\u00e2n t\u00edch l\u01b0u l\u01b0\u1ee3ng truy c\u1eadp web v\u00e0 hi\u1ec3n th\u1ecb qu\u1ea3ng c\u00e1o \u0111\u01b0\u1ee3c c\u00e1 nh\u00e2n h\u00f3a d\u1ef1a tr\u00ean s\u1edf th\u00edch duy\u1ec7t web c\u1ee7a b\u1ea1n.<\/p><p><strong>C\u00e1ch ch\u00fang t\u00f4i s\u1eed d\u1ee5ng d\u1eef li\u1ec7u c\u1ee7a b\u1ea1n<\/strong><\/p><p>Ch\u00fang t\u00f4i s\u1eed d\u1ee5ng D\u1eef li\u1ec7u c\u00e1 nh\u00e2n \u0111\u00e3 thu th\u1eadp cho c\u00e1c m\u1ee5c \u0111\u00edch sau:<\/p><p>\u0110\u1ec3 cung c\u1ea5p v\u00e0 duy tr\u00ec d\u1ecbch v\u1ee5 c\u1ee7a ch\u00fang t\u00f4i: Bao g\u1ed3m vi\u1ec7c theo d\u00f5i t\u00ecnh h\u00ecnh s\u1eed d\u1ee5ng v\u00e0 hi\u1ec7u su\u1ea5t trang web th\u00f4ng qua Google Analytics.<\/p><p>\u0110\u1ec3 li\u00ean h\u1ec7 v\u1edbi qu\u00fd kh\u00e1ch: \u0110\u1ec3 li\u00ean l\u1ea1c v\u1edbi qu\u00fd kh\u00e1ch qua email, \u0111i\u1ec7n tho\u1ea1i, tin nh\u1eafn SMS ho\u1eb7c c\u00e1c h\u00ecnh th\u1ee9c li\u00ean l\u1ea1c \u0111i\u1ec7n t\u1eed t\u01b0\u01a1ng \u0111\u01b0\u01a1ng kh\u00e1c nh\u1eb1m cung c\u1ea5p c\u00e1c th\u00f4ng tin c\u1eadp nh\u1eadt, c\u1ea3nh b\u00e1o b\u1ea3o m\u1eadt ho\u1eb7c c\u00e1c th\u00f4ng tin li\u00ean quan \u0111\u1ebfn s\u1ea3n ph\u1ea9m c\u1ee7a ch\u00fang t\u00f4i.<\/p><p>\u0110\u1ed1i v\u1edbi ho\u1ea1t \u0111\u1ed9ng Ti\u1ebfp th\u1ecb v\u00e0 Truy\u1ec1n th\u00f4ng: \u0110\u1ec3 cung c\u1ea5p cho qu\u00fd v\u1ecb c\u00e1c tin t\u1ee9c, \u01b0u \u0111\u00e3i \u0111\u1eb7c bi\u1ec7t v\u00e0 th\u00f4ng tin chung v\u1ec1 c\u00e1c s\u1ea3n ph\u1ea9m, d\u1ecbch v\u1ee5 v\u00e0 s\u1ef1 ki\u1ec7n kh\u00e1c m\u00e0 ch\u00fang t\u00f4i cung c\u1ea5p. Qu\u00fd v\u1ecb c\u00f3 th\u1ec3 t\u1eeb ch\u1ed1i nh\u1eadn b\u1ea5t k\u1ef3 ho\u1eb7c t\u1ea5t c\u1ea3 c\u00e1c th\u00f4ng tin n\u00e0y b\u1ea5t c\u1ee9 l\u00fac n\u00e0o b\u1eb1ng c\u00e1ch nh\u1ea5p v\u00e0o li\u00ean k\u1ebft h\u1ee7y \u0111\u0103ng k\u00fd \u0111\u01b0\u1ee3c cung c\u1ea5p trong c\u00e1c email c\u1ee7a ch\u00fang t\u00f4i.<\/p><p>V\u1ec1 qu\u1ea3ng c\u00e1o: \u0110\u1ec3 hi\u1ec3n th\u1ecb c\u00e1c qu\u1ea3ng c\u00e1o ph\u00f9 h\u1ee3p v\u1edbi b\u1ea1n tr\u00ean trang web c\u1ee7a ch\u00fang t\u00f4i ho\u1eb7c th\u00f4ng qua c\u00e1c n\u1ec1n t\u1ea3ng c\u1ee7a b\u00ean th\u1ee9 ba. Ch\u00fang t\u00f4i c\u00f3 th\u1ec3 s\u1eed d\u1ee5ng th\u00f4ng tin c\u1ee7a b\u1ea1n \u0111\u1ec3 \u0111\u00e1nh gi\u00e1 v\u00e0 n\u00e2ng cao hi\u1ec7u qu\u1ea3 c\u1ee7a c\u00e1c chi\u1ebfn d\u1ecbch qu\u1ea3ng c\u00e1o.<\/p><p><strong>Chia s\u1ebb v\u00e0 c\u00f4ng b\u1ed1 th\u00f4ng tin<\/strong><\/p><p>Trong tr\u01b0\u1eddng h\u1ee3p qu\u00fd kh\u00e1ch g\u1eedi y\u00eau c\u1ea7u, ch\u00fang t\u00f4i s\u1ebd kh\u00f4ng chia s\u1ebb d\u1eef li\u1ec7u c\u1ee7a qu\u00fd kh\u00e1ch. N\u1ebfu qu\u00fd kh\u00e1ch tr\u1edf th\u00e0nh kh\u00e1ch h\u00e0ng, ch\u00fang t\u00f4i c\u00f3 th\u1ec3 chuy\u1ec3n d\u1eef li\u1ec7u c\u00e1 nh\u00e2n c\u1ee7a qu\u00fd kh\u00e1ch cho c\u00e1c nh\u00e0 cung c\u1ea5p d\u1ecbch v\u1ee5 b\u00ean th\u1ee9 ba m\u00e0 ch\u00fang t\u00f4i \u0111\u00e3 k\u00fd h\u1ee3p \u0111\u1ed3ng \u0111\u1ec3 th\u1ef1c hi\u1ec7n h\u1ee3p \u0111\u1ed3ng. B\u1ea5t k\u1ef3 b\u00ean th\u1ee9 ba n\u00e0o m\u00e0 ch\u00fang t\u00f4i chia s\u1ebb d\u1eef li\u1ec7u c\u1ee7a b\u1ea1n \u0111\u1ec1u c\u00f3 ngh\u0129a v\u1ee5 b\u1ea3o m\u1eadt th\u00f4ng tin c\u1ee7a b\u1ea1n v\u00e0 ch\u1ec9 s\u1eed d\u1ee5ng ch\u00fang \u0111\u1ec3 th\u1ef1c hi\u1ec7n d\u1ecbch v\u1ee5 m\u00e0 h\u1ecd cung c\u1ea5p thay m\u1eb7t b\u1ea1n. Khi h\u1ecd kh\u00f4ng c\u00f2n c\u1ea7n d\u1eef li\u1ec7u c\u1ee7a b\u1ea1n \u0111\u1ec3 th\u1ef1c hi\u1ec7n d\u1ecbch v\u1ee5 n\u00e0y n\u1eefa, h\u1ecd s\u1ebd x\u00f3a b\u1ecf th\u00f4ng tin theo quy tr\u00ecnh c\u1ee7a C\u00f4ng ty TNHH V\u1eadt li\u1ec7u X\u00e2y d\u1ef1ng Hebei Renshi \/ RSinsulationboard.<\/p><p>N\u1ebfu ch\u00fang t\u00f4i mu\u1ed1n chuy\u1ec3n d\u1eef li\u1ec7u c\u00e1 nh\u00e2n nh\u1ea1y c\u1ea3m c\u1ee7a qu\u00fd kh\u00e1ch cho b\u00ean th\u1ee9 ba, ch\u00fang t\u00f4i s\u1ebd ch\u1ec9 th\u1ef1c hi\u1ec7n vi\u1ec7c n\u00e0y sau khi \u0111\u00e3 nh\u1eadn \u0111\u01b0\u1ee3c s\u1ef1 \u0111\u1ed3ng \u00fd r\u00f5 r\u00e0ng c\u1ee7a qu\u00fd kh\u00e1ch, tr\u1eeb khi ph\u00e1p lu\u1eadt y\u00eau c\u1ea7u ch\u00fang t\u00f4i ph\u1ea3i l\u00e0m kh\u00e1c \u0111i.<\/p><p>C\u00e1c b\u00ean th\u1ee9 ba m\u00e0 ch\u00fang t\u00f4i c\u00f3 th\u1ec3 chuy\u1ec3n d\u1eef li\u1ec7u c\u00e1 nh\u00e2n c\u1ee7a b\u1ea1n cho bao g\u1ed3m:<\/p><p>Ph\u1ea7n m\u1ec1m Qu\u1ea3n l\u00fd Quan h\u1ec7 Kh\u00e1ch h\u00e0ng<br \/>Ph\u1ea7n m\u1ec1m x\u1eed l\u00fd thanh to\u00e1n<br \/>C\u00e1c c\u00f4ng ty v\u1eadn t\u1ea3i v\u00e0 giao h\u00e0ng<br \/>Nh\u00e0 cung c\u1ea5p d\u1ecbch v\u1ee5 CNTT<br \/>C\u00f4ng ty qu\u1ea3n l\u00fd website<\/p><p>Ch\u00fang t\u00f4i c\u00f3 th\u1ec3 chia s\u1ebb D\u1eef li\u1ec7u c\u00e1 nh\u00e2n c\u1ee7a b\u1ea1n trong c\u00e1c tr\u01b0\u1eddng h\u1ee3p c\u1ee5 th\u1ec3 sau \u0111\u00e2y:<\/p><p>V\u1edbi c\u00e1c nh\u00e0 cung c\u1ea5p d\u1ecbch v\u1ee5 ph\u00e2n t\u00edch: Ch\u00fang t\u00f4i chia s\u1ebb d\u1eef li\u1ec7u s\u1eed d\u1ee5ng c\u1ea7n thi\u1ebft v\u1edbi Google Analytics \u0111\u1ec3 gi\u00fap ch\u00fang t\u00f4i hi\u1ec3u c\u00e1ch ng\u01b0\u1eddi d\u00f9ng t\u01b0\u01a1ng t\u00e1c v\u1edbi trang web c\u1ee7a ch\u00fang t\u00f4i.<\/p><p>V\u1edbi c\u00e1c \u0111\u1ed1i t\u00e1c qu\u1ea3ng c\u00e1o: Ch\u00fang t\u00f4i c\u00f3 th\u1ec3 chia s\u1ebb m\u1ed9t s\u1ed1 d\u1eef li\u1ec7u (ch\u1eb3ng h\u1ea1n nh\u01b0 cookie ho\u1eb7c d\u1eef li\u1ec7u s\u1eed d\u1ee5ng thi\u1ebft b\u1ecb) v\u1edbi c\u00e1c nh\u00e0 cung c\u1ea5p d\u1ecbch v\u1ee5 qu\u1ea3ng c\u00e1o b\u00ean th\u1ee9 ba \u0111\u1ec3 hi\u1ec3n th\u1ecb qu\u1ea3ng c\u00e1o \u0111\u01b0\u1ee3c c\u00e1 nh\u00e2n h\u00f3a tr\u00ean c\u00e1c trang web kh\u00e1c sau khi b\u1ea1n \u0111\u00e3 truy c\u1eadp D\u1ecbch v\u1ee5 c\u1ee7a ch\u00fang t\u00f4i.<\/p><p>V\u1edbi c\u00e1c nh\u00e0 cung c\u1ea5p d\u1ecbch v\u1ee5: Ch\u00fang t\u00f4i c\u00f3 th\u1ec3 thu\u00ea c\u00e1c c\u00f4ng ty b\u00ean th\u1ee9 ba \u0111\u1ec3 theo d\u00f5i v\u00e0 ph\u00e2n t\u00edch vi\u1ec7c s\u1eed d\u1ee5ng D\u1ecbch v\u1ee5 c\u1ee7a ch\u00fang t\u00f4i, ho\u1eb7c \u0111\u1ec3 h\u1ed7 tr\u1ee3 vi\u1ec7c g\u1eedi email v\u00e0 t\u1ef1 \u0111\u1ed9ng h\u00f3a ti\u1ebfp th\u1ecb thay m\u1eb7t ch\u00fang t\u00f4i.<\/p><p><strong>Th\u1eddi h\u1ea1n l\u01b0u tr\u1eef d\u1eef li\u1ec7u<\/strong><\/p><p>Ch\u00fang t\u00f4i s\u1ebd ch\u1ec9 l\u01b0u gi\u1eef D\u1eef li\u1ec7u c\u00e1 nh\u00e2n c\u1ee7a b\u1ea1n trong th\u1eddi gian c\u1ea7n thi\u1ebft \u0111\u1ec3 ph\u1ee5c v\u1ee5 c\u00e1c m\u1ee5c \u0111\u00edch \u0111\u01b0\u1ee3c n\u00eau trong Ch\u00ednh s\u00e1ch b\u1ea3o m\u1eadt n\u00e0y:<\/p><p>D\u1eef li\u1ec7u s\u1eed d\u1ee5ng (bao g\u1ed3m d\u1eef li\u1ec7u t\u1eeb Google Analytics): \u0110\u01b0\u1ee3c l\u01b0u gi\u1eef trong t\u1ed1i \u0111a 24 th\u00e1ng \u0111\u1ec3 gi\u00fap ch\u00fang t\u00f4i ph\u00e2n t\u00edch c\u00e1c xu h\u01b0\u1edbng d\u00e0i h\u1ea1n v\u00e0 t\u1ed1i \u01b0u h\u00f3a hi\u1ec7u su\u1ea5t trang web.<\/p><p>D\u1eef li\u1ec7u ti\u1ebfp th\u1ecb: S\u1ebd \u0111\u01b0\u1ee3c l\u01b0u gi\u1eef cho \u0111\u1ebfn khi b\u1ea1n y\u00eau c\u1ea7u ng\u1eebng nh\u1eadn th\u00f4ng tin ho\u1eb7c h\u1ee7y \u0111\u0103ng k\u00fd kh\u1ecfi danh s\u00e1ch g\u1eedi th\u01b0 c\u1ee7a ch\u00fang t\u00f4i.<\/p><p><strong>B\u1ea3o m\u1eadt d\u1eef li\u1ec7u v\u00e0 chuy\u1ec3n giao d\u1eef li\u1ec7u qu\u1ed1c t\u1ebf<\/strong><\/p><p>Th\u00f4ng tin c\u1ee7a qu\u00fd kh\u00e1ch, bao g\u1ed3m D\u1eef li\u1ec7u c\u00e1 nh\u00e2n, \u0111\u01b0\u1ee3c x\u1eed l\u00fd t\u1ea1i c\u00e1c v\u0103n ph\u00f2ng ho\u1ea1t \u0111\u1ed9ng c\u1ee7a ch\u00fang t\u00f4i \u1edf Trung Qu\u1ed1c v\u00e0 t\u1ea1i b\u1ea5t k\u1ef3 \u0111\u1ecba \u0111i\u1ec3m n\u00e0o kh\u00e1c n\u01a1i c\u00e1c b\u00ean tham gia v\u00e0o qu\u00e1 tr\u00ecnh x\u1eed l\u00fd (ch\u1eb3ng h\u1ea1n nh\u01b0 c\u00e1c m\u00e1y ch\u1ee7 qu\u1ed1c t\u1ebf c\u1ee7a Google) \u0111\u1eb7t tr\u1ee5 s\u1edf. Ch\u00fang t\u00f4i th\u1ef1c hi\u1ec7n m\u1ecdi bi\u1ec7n ph\u00e1p v\u00e0 bi\u1ec7n ph\u00e1p b\u1ea3o v\u1ec7 h\u1ee3p l\u00fd v\u1ec1 m\u1eb7t th\u01b0\u01a1ng m\u1ea1i \u0111\u1ec3 \u0111\u1ea3m b\u1ea3o r\u1eb1ng d\u1eef li\u1ec7u c\u1ee7a qu\u00fd kh\u00e1ch \u0111\u01b0\u1ee3c x\u1eed l\u00fd m\u1ed9t c\u00e1ch an to\u00e0n v\u00e0 tu\u00e2n th\u1ee7 Ch\u00ednh s\u00e1ch B\u1ea3o m\u1eadt n\u00e0y.<\/p><p><strong>Quy\u1ec1n ri\u00eang t\u01b0 c\u1ee7a b\u1ea1n<\/strong><\/p><p>T\u00f9y thu\u1ed9c v\u00e0o khu v\u1ef1c ph\u00e1p l\u00fd c\u1ee7a b\u1ea1n, b\u1ea1n c\u00f3 c\u00e1c quy\u1ec1n sau \u0111\u00e2y li\u00ean quan \u0111\u1ebfn th\u00f4ng tin c\u00e1 nh\u00e2n c\u1ee7a m\u00ecnh:<\/p><p>Truy c\u1eadp, c\u1eadp nh\u1eadt ho\u1eb7c x\u00f3a: Qu\u00fd v\u1ecb c\u00f3 quy\u1ec1n y\u00eau c\u1ea7u truy c\u1eadp, ch\u1ec9nh s\u1eeda ho\u1eb7c x\u00f3a th\u00f4ng tin c\u00e1 nh\u00e2n m\u00e0 ch\u00fang t\u00f4i l\u01b0u gi\u1eef v\u1ec1 qu\u00fd v\u1ecb.<\/p><p>T\u1eeb ch\u1ed1i theo d\u00f5i: B\u1ea1n c\u00f3 th\u1ec3 t\u1eeb ch\u1ed1i vi\u1ec7c theo d\u00f5i d\u1eef li\u1ec7u b\u1eb1ng c\u00e1ch \u0111i\u1ec1u ch\u1ec9nh c\u00e0i \u0111\u1eb7t tr\u00ecnh duy\u1ec7t web \u0111\u1ec3 t\u1eeb ch\u1ed1i cookie, ho\u1eb7c b\u1eb1ng c\u00e1ch c\u00e0i \u0111\u1eb7t ti\u1ec7n \u00edch b\u1ed5 sung tr\u00ecnh duy\u1ec7t Google Analytics Opt-out.<\/p><p>H\u1ee7y \u0111\u0103ng k\u00fd: Qu\u00fd v\u1ecb c\u00f3 th\u1ec3 r\u00fat l\u1ea1i s\u1ef1 \u0111\u1ed3ng \u00fd nh\u1eadn c\u00e1c th\u00f4ng tin ti\u1ebfp th\u1ecb b\u1ea5t c\u1ee9 l\u00fac n\u00e0o b\u1eb1ng c\u00e1ch nh\u1ea5p v\u00e0o li\u00ean k\u1ebft \u201ch\u1ee7y \u0111\u0103ng k\u00fd\u201d \u1edf cu\u1ed1i c\u00e1c email ti\u1ebfp th\u1ecb c\u1ee7a ch\u00fang t\u00f4i.<\/p>\t\t\t\t\t\t\t\t<\/div>\n\t\t\t\t\t<\/div>\n\t\t\t\t<\/div>\n\t\t\t\t<\/div>","protected":false},"excerpt":{"rendered":"<p>Privacy Policy Hebei Renshi Building Materials Co., Ltd. \/ RSinsulationboard\u00a0are committed to respecting and protecting your privacy. We wish to be transparent on how we process your data and show you that we are accountable with the GDPR in relation to not only processing your data but ensuring you understand your rights as a client. [&hellip;]<\/p>\n","protected":false},"author":1,"featured_media":0,"parent":0,"menu_order":0,"comment_status":"closed","ping_status":"open","template":"elementor_header_footer","meta":{"_acf_changed":false,"footnotes":""},"class_list":["post-3","page","type-page","status-publish","hentry"],"acf":[],"_hostinger_reach_plugin_has_subscription_block":false,"_hostinger_reach_plugin_is_elementor":false,"_links":{"self":[{"href":"https:\/\/rsinsulationboard.com\/vi\/wp-json\/wp\/v2\/pages\/3","targetHints":{"allow":["GET"]}}],"collection":[{"href":"https:\/\/rsinsulationboard.com\/vi\/wp-json\/wp\/v2\/pages"}],"about":[{"href":"https:\/\/rsinsulationboard.com\/vi\/wp-json\/wp\/v2\/types\/page"}],"author":[{"embeddable":true,"href":"https:\/\/rsinsulationboard.com\/vi\/wp-json\/wp\/v2\/users\/1"}],"replies":[{"embeddable":true,"href":"https:\/\/rsinsulationboard.com\/vi\/wp-json\/wp\/v2\/comments?post=3"}],"version-history":[{"count":34,"href":"https:\/\/rsinsulationboard.com\/vi\/wp-json\/wp\/v2\/pages\/3\/revisions"}],"predecessor-version":[{"id":5825,"href":"https:\/\/rsinsulationboard.com\/vi\/wp-json\/wp\/v2\/pages\/3\/revisions\/5825"}],"wp:attachment":[{"href":"https:\/\/rsinsulationboard.com\/vi\/wp-json\/wp\/v2\/media?parent=3"}],"curies":[{"name":"wp","href":"https:\/\/api.w.org\/{rel}","templated":true}]}}