{"id":733,"date":"2026-03-24T10:05:25","date_gmt":"2026-03-24T10:05:25","guid":{"rendered":"https:\/\/rsinsulationboard.com\/?page_id=733"},"modified":"2026-04-21T01:10:33","modified_gmt":"2026-04-21T01:10:33","slug":"contact","status":"publish","type":"page","link":"https:\/\/rsinsulationboard.com\/vi\/contact\/","title":{"rendered":"Li\u00ean h\u1ec7"},"content":{"rendered":"<style>.elementor-733 .elementor-element.elementor-element-714be878{--display:flex;--min-height:320px;--justify-content:flex-end;--gap:100px 100px;--row-gap:100px;--column-gap:100px;--overflow:hidden;--background-transition:0.3s;--overlay-opacity:0.72;--margin-top:0px;--margin-bottom:0px;--margin-left:0px;--margin-right:0px;--padding-top:0px;--padding-bottom:0px;--padding-left:0px;--padding-right:0px;}.elementor-733 .elementor-element.elementor-element-714be878:not(.elementor-motion-effects-element-type-background), .elementor-733 .elementor-element.elementor-element-714be878 > .elementor-motion-effects-container > .elementor-motion-effects-layer{background-color:#02010100;background-image:url(\"https:\/\/rsinsulationboard.com\/wp-content\/uploads\/2026\/04\/RS-Collaborative-Corporate-Teamwork-and-Unity-scaled.jpg\");background-position:center center;background-size:cover;}.elementor-733 .elementor-element.elementor-element-714be878::before, .elementor-733 .elementor-element.elementor-element-714be878 > .elementor-background-video-container::before, .elementor-733 .elementor-element.elementor-element-714be878 > .e-con-inner > .elementor-background-video-container::before, .elementor-733 .elementor-element.elementor-element-714be878 > .elementor-background-slideshow::before, .elementor-733 .elementor-element.elementor-element-714be878 > .e-con-inner > .elementor-background-slideshow::before, .elementor-733 .elementor-element.elementor-element-714be878 > .elementor-motion-effects-container > .elementor-motion-effects-layer::before{--background-overlay:'';background-color:#0A13228F;}.elementor-733 .elementor-element.elementor-element-714be878.e-con{--flex-grow:0;--flex-shrink:0;}.elementor-733 .elementor-element.elementor-element-d9f016c{--display:flex;--min-height:220px;--overlay-opacity:0.4;--margin-top:0px;--margin-bottom:0px;--margin-left:0px;--margin-right:0px;--padding-top:0px;--padding-bottom:0px;--padding-left:0px;--padding-right:0px;}.elementor-733 .elementor-element.elementor-element-d9f016c::before, .elementor-733 .elementor-element.elementor-element-d9f016c > .elementor-background-video-container::before, .elementor-733 .elementor-element.elementor-element-d9f016c > .e-con-inner > .elementor-background-video-container::before, .elementor-733 .elementor-element.elementor-element-d9f016c > .elementor-background-slideshow::before, .elementor-733 .elementor-element.elementor-element-d9f016c > .e-con-inner > .elementor-background-slideshow::before, .elementor-733 .elementor-element.elementor-element-d9f016c > .elementor-motion-effects-container > .elementor-motion-effects-layer::before{--background-overlay:'';background-image:url(\"https:\/\/rsinsulationboard.com\/wp-content\/uploads\/2026\/04\/contact.png\");background-position:bottom center;background-size:cover;}.elementor-733 .elementor-element.elementor-element-66003da{--display:flex;--gap:40px 40px;--row-gap:40px;--column-gap:40px;--margin-top:0px;--margin-bottom:0px;--margin-left:0px;--margin-right:0px;--padding-top:80px;--padding-bottom:20px;--padding-left:0px;--padding-right:0px;}.elementor-733 .elementor-element.elementor-element-61a38b2{--display:flex;--gap:16px 16px;--row-gap:16px;--column-gap:16px;--margin-top:0px;--margin-bottom:0px;--margin-left:0px;--margin-right:0px;--padding-top:0px;--padding-bottom:0px;--padding-left:0px;--padding-right:0px;}.elementor-733 .elementor-element.elementor-element-c5daa2e{text-align:center;font-size:32px;font-weight:600;color:var( --e-global-color-4a5499b );padding:0px 0px 0px 0px;}.elementor-733 .elementor-element.elementor-element-96d4b90{--display:flex;--flex-direction:column;--container-widget-width:100%;--container-widget-height:initial;--container-widget-flex-grow:0;--container-widget-align-self:initial;--flex-wrap-mobile:wrap;--margin-top:0px;--margin-bottom:110px;--margin-left:0px;--margin-right:0px;}.elementor-733 .elementor-element.elementor-element-8a9d55c .elementor-field-group{padding-right:calc( 10px\/2 );padding-left:calc( 10px\/2 );margin-bottom:10px;}.elementor-733 .elementor-element.elementor-element-8a9d55c .elementor-form-fields-wrapper{margin-left:calc( -10px\/2 );margin-right:calc( -10px\/2 );margin-bottom:-10px;}.elementor-733 .elementor-element.elementor-element-8a9d55c .elementor-field-group.recaptcha_v3-bottomleft, .elementor-733 .elementor-element.elementor-element-8a9d55c .elementor-field-group.recaptcha_v3-bottomright{margin-bottom:0;}body.rtl .elementor-733 .elementor-element.elementor-element-8a9d55c .elementor-labels-inline .elementor-field-group > label{padding-left:0px;}body:not(.rtl) .elementor-733 .elementor-element.elementor-element-8a9d55c .elementor-labels-inline .elementor-field-group > label{padding-right:0px;}body .elementor-733 .elementor-element.elementor-element-8a9d55c .elementor-labels-above .elementor-field-group > label{padding-bottom:0px;}.elementor-733 .elementor-element.elementor-element-8a9d55c .elementor-field-type-html{padding-bottom:0px;}.elementor-733 .elementor-element.elementor-element-8a9d55c .elementor-field-group .elementor-field:not(.elementor-select-wrapper){background-color:#ffffff;border-color:var( --e-global-color-accent );border-width:1px 1px 1px 1px;}.elementor-733 .elementor-element.elementor-element-8a9d55c .elementor-field-group .elementor-select-wrapper select{background-color:#ffffff;border-color:var( --e-global-color-accent );border-width:1px 1px 1px 1px;}.elementor-733 .elementor-element.elementor-element-8a9d55c .elementor-field-group .elementor-select-wrapper::before{color:var( --e-global-color-accent );}.elementor-733 .elementor-element.elementor-element-8a9d55c .e-form__buttons__wrapper__button-next{color:#ffffff;}.elementor-733 .elementor-element.elementor-element-8a9d55c .elementor-button[type=\"submit\"]{color:#ffffff;}.elementor-733 .elementor-element.elementor-element-8a9d55c .elementor-button[type=\"submit\"] svg *{fill:#ffffff;}.elementor-733 .elementor-element.elementor-element-8a9d55c .e-form__buttons__wrapper__button-previous{color:#ffffff;}.elementor-733 .elementor-element.elementor-element-8a9d55c .e-form__buttons__wrapper__button-next:hover{color:#ffffff;}.elementor-733 .elementor-element.elementor-element-8a9d55c .elementor-button[type=\"submit\"]:hover{color:#ffffff;}.elementor-733 .elementor-element.elementor-element-8a9d55c .elementor-button[type=\"submit\"]:hover svg *{fill:#ffffff;}.elementor-733 .elementor-element.elementor-element-8a9d55c .e-form__buttons__wrapper__button-previous:hover{color:#ffffff;}.elementor-733 .elementor-element.elementor-element-8a9d55c .elementor-button{border-radius:0px 0px 0px 0px;}.elementor-733 .elementor-element.elementor-element-8a9d55c{--e-form-steps-indicators-spacing:20px;--e-form-steps-indicator-padding:30px;--e-form-steps-indicator-inactive-secondary-color:#ffffff;--e-form-steps-indicator-active-secondary-color:#ffffff;--e-form-steps-indicator-completed-secondary-color:#ffffff;--e-form-steps-divider-width:1px;--e-form-steps-divider-gap:10px;}@media(min-width:768px){.elementor-733 .elementor-element.elementor-element-714be878{--width:100%;}}@media(max-width:1024px){.elementor-733 .elementor-element.elementor-element-714be878{--min-height:320px;--gap:32px 32px;--row-gap:32px;--column-gap:32px;--padding-top:0px;--padding-bottom:0px;--padding-left:32px;--padding-right:32px;}.elementor-733 .elementor-element.elementor-element-d9f016c{--min-height:98px;}.elementor-733 .elementor-element.elementor-element-d9f016c::before, .elementor-733 .elementor-element.elementor-element-d9f016c > .elementor-background-video-container::before, .elementor-733 .elementor-element.elementor-element-d9f016c > .e-con-inner > .elementor-background-video-container::before, .elementor-733 .elementor-element.elementor-element-d9f016c > .elementor-background-slideshow::before, .elementor-733 .elementor-element.elementor-element-d9f016c > .e-con-inner > .elementor-background-slideshow::before, .elementor-733 .elementor-element.elementor-element-d9f016c > .elementor-motion-effects-container > .elementor-motion-effects-layer::before{background-size:698px auto;}.elementor-733 .elementor-element.elementor-element-66003da{--padding-top:80px;--padding-bottom:80px;--padding-left:32px;--padding-right:32px;}}@media(max-width:767px){.elementor-733 .elementor-element.elementor-element-714be878{--min-height:240px;--justify-content:flex-end;--gap:80px 80px;--row-gap:80px;--column-gap:80px;--padding-top:0px;--padding-bottom:0px;--padding-left:20px;--padding-right:20px;}.elementor-733 .elementor-element.elementor-element-d9f016c{--min-height:55px;--overlay-opacity:0.5;}.elementor-733 .elementor-element.elementor-element-d9f016c::before, .elementor-733 .elementor-element.elementor-element-d9f016c > .elementor-background-video-container::before, .elementor-733 .elementor-element.elementor-element-d9f016c > .e-con-inner > .elementor-background-video-container::before, .elementor-733 .elementor-element.elementor-element-d9f016c > .elementor-background-slideshow::before, .elementor-733 .elementor-element.elementor-element-d9f016c > .e-con-inner > .elementor-background-slideshow::before, .elementor-733 .elementor-element.elementor-element-d9f016c > .elementor-motion-effects-container > .elementor-motion-effects-layer::before{background-size:400px auto;}}<\/style>\t\t<div data-elementor-type=\"wp-page\" data-elementor-id=\"733\" class=\"elementor elementor-733\" data-elementor-post-type=\"page\">\n\t\t\t\t<div class=\"elementor-element elementor-element-714be878 e-con-full e-flex e-con e-parent\" data-id=\"714be878\" data-element_type=\"container\" data-e-type=\"container\" data-settings=\"{&quot;background_background&quot;:&quot;classic&quot;}\">\n\t\t<div class=\"elementor-element elementor-element-d9f016c e-con-full e-flex elementor-invisible e-con e-child\" data-id=\"d9f016c\" data-element_type=\"container\" data-e-type=\"container\" data-settings=\"{&quot;animation&quot;:&quot;fadeInUp&quot;}\">\n\t\t\t\t<\/div>\n\t\t\t\t<\/div>\n\t\t<div class=\"elementor-element elementor-element-66003da e-flex e-con-boxed e-con e-parent\" data-id=\"66003da\" data-element_type=\"container\" data-e-type=\"container\" data-settings=\"{&quot;background_background&quot;:&quot;classic&quot;}\">\n\t\t\t\t\t<div class=\"e-con-inner\">\n\t\t<div class=\"elementor-element elementor-element-61a38b2 e-con-full e-flex e-con e-child\" data-id=\"61a38b2\" data-element_type=\"container\" data-e-type=\"container\">\n\t\t\t\t<div class=\"elementor-element elementor-element-c5daa2e elementor-widget elementor-widget-text-editor\" data-id=\"c5daa2e\" data-element_type=\"widget\" data-e-type=\"widget\" data-widget_type=\"text-editor.default\">\n\t\t\t\t\t\t\t\t\t<h4>Reach out to our team of experts to discuss your specific insulation needs. We&#8217;re here to answer your questions, provide technical advice, and guide you.<\/h4>\t\t\t\t\t\t\t\t<\/div>\n\t\t\t\t<\/div>\n\t\t\t\t\t<\/div>\n\t\t\t\t<\/div>\n\t\t<div class=\"elementor-element elementor-element-96d4b90 e-flex e-con-boxed e-con e-parent\" data-id=\"96d4b90\" data-element_type=\"container\" data-e-type=\"container\">\n\t\t\t\t\t<div class=\"e-con-inner\">\n\t\t\t\t<div class=\"elementor-element elementor-element-8a9d55c elementor-button-align-stretch elementor-widget elementor-widget-form\" data-id=\"8a9d55c\" data-element_type=\"widget\" data-e-type=\"widget\" data-settings=\"{&quot;step_next_label&quot;:&quot;Next&quot;,&quot;step_previous_label&quot;:&quot;Previous&quot;,&quot;button_width&quot;:&quot;25&quot;,&quot;step_type&quot;:&quot;number_text&quot;,&quot;step_icon_shape&quot;:&quot;circle&quot;}\" data-widget_type=\"form.default\">\n\t\t\t\t\t\t\t<form class=\"elementor-form\" method=\"post\" name=\"New Form\" aria-label=\"New Form\">\n\t\t\t<input type=\"hidden\" name=\"post_id\" value=\"733\"\/>\n\t\t\t<input type=\"hidden\" name=\"form_id\" value=\"8a9d55c\"\/>\n\t\t\t<input type=\"hidden\" name=\"referer_title\" value=\"Contact\" \/>\n\n\t\t\t\t\t\t\t<input type=\"hidden\" name=\"queried_id\" value=\"733\"\/>\n\t\t\t\n\t\t\t<div class=\"elementor-form-fields-wrapper elementor-labels-above\">\n\t\t\t\t\t\t\t\t<div class=\"elementor-field-type-text elementor-field-group elementor-column elementor-field-group-name elementor-col-50 elementor-field-required elementor-mark-required\">\n\t\t\t\t\t\t\t\t\t\t\t\t\t<input size=\"1\" type=\"text\" name=\"form_fields[name]\" id=\"form-field-name\" class=\"elementor-field elementor-size-sm  elementor-field-textual\" placeholder=\"Name*\" required=\"required\">\n\t\t\t\t\t\t\t\t\t\t\t<\/div>\n\t\t\t\t\t\t\t\t<div class=\"elementor-field-type-text elementor-field-group elementor-column elementor-field-group-field_7cd4447 elementor-col-50 elementor-field-required elementor-mark-required\">\n\t\t\t\t\t\t\t\t\t\t\t\t\t<input size=\"1\" type=\"text\" name=\"form_fields[field_7cd4447]\" id=\"form-field-field_7cd4447\" class=\"elementor-field elementor-size-sm  elementor-field-textual\" placeholder=\"Company Name\" required=\"required\">\n\t\t\t\t\t\t\t\t\t\t\t<\/div>\n\t\t\t\t\t\t\t\t<div class=\"elementor-field-type-email elementor-field-group elementor-column elementor-field-group-email elementor-col-50 elementor-field-required elementor-mark-required\">\n\t\t\t\t\t\t\t\t\t\t\t\t\t<input size=\"1\" type=\"email\" name=\"form_fields[email]\" id=\"form-field-email\" class=\"elementor-field elementor-size-sm  elementor-field-textual\" placeholder=\"Email\" required=\"required\">\n\t\t\t\t\t\t\t\t\t\t\t<\/div>\n\t\t\t\t\t\t\t\t<div class=\"elementor-field-type-tel elementor-field-group elementor-column elementor-field-group-field_8ab9a1d elementor-col-50 elementor-field-required elementor-mark-required\">\n\t\t\t\t\t\t\t<input size=\"1\" type=\"tel\" name=\"form_fields[field_8ab9a1d]\" id=\"form-field-field_8ab9a1d\" class=\"elementor-field elementor-size-sm  elementor-field-textual\" placeholder=\"WhatsApp\" required=\"required\" pattern=\"[0-9()#&amp;+*-=.]+\" title=\"Only numbers and phone characters (#, -, *, etc) are accepted.\">\n\n\t\t\t\t\t\t<\/div>\n\t\t\t\t\t\t\t\t<div class=\"elementor-field-type-textarea elementor-field-group elementor-column elementor-field-group-message elementor-col-100\">\n\t\t\t\t\t\t\t\t\t\t\t\t<label for=\"form-field-message\" class=\"elementor-field-label\">\n\t\t\t\t\t\t\t\tMessage\t\t\t\t\t\t\t<\/label>\n\t\t\t\t\t\t<textarea class=\"elementor-field-textual elementor-field  elementor-size-sm\" name=\"form_fields[message]\" id=\"form-field-message\" rows=\"4\" placeholder=\"Message\"><\/textarea>\t\t\t\t<\/div>\n\t\t\t\t\t\t\t\t<div class=\"elementor-field-group elementor-column elementor-field-type-submit elementor-col-25 e-form__buttons\">\n\t\t\t\t\t<button class=\"elementor-button elementor-size-sm\" type=\"submit\">\n\t\t\t\t\t\t<span class=\"elementor-button-content-wrapper\">\n\t\t\t\t\t\t\t\t\t\t\t\t\t\t\t\t\t\t\t\t\t\t<span class=\"elementor-button-text\">Send<\/span>\n\t\t\t\t\t\t\t\t\t\t\t\t\t<\/span>\n\t\t\t\t\t<\/button>\n\t\t\t\t<\/div>\n\t\t\t<\/div>\n\t\t<\/form>\n\t\t\t\t\t\t<\/div>\n\t\t\t\t\t<\/div>\n\t\t\t\t<\/div>\n\t\t\t\t<\/div>\n\t\t","protected":false},"excerpt":{"rendered":"<p>H\u00e3y li\u00ean h\u1ec7 v\u1edbi \u0111\u1ed9i ng\u0169 chuy\u00ean gia c\u1ee7a ch\u00fang t\u00f4i \u0111\u1ec3 trao \u0111\u1ed5i v\u1ec1 c\u00e1c nhu c\u1ea7u c\u00e1ch nhi\u1ec7t c\u1ee5 th\u1ec3 c\u1ee7a qu\u00fd kh\u00e1ch. Ch\u00fang t\u00f4i lu\u00f4n s\u1eb5n s\u00e0ng gi\u1ea3i \u0111\u00e1p th\u1eafc m\u1eafc, cung c\u1ea5p t\u01b0 v\u1ea5n k\u1ef9 thu\u1eadt v\u00e0 h\u1ed7 tr\u1ee3 qu\u00fd kh\u00e1ch.<\/p>","protected":false},"author":1,"featured_media":0,"parent":0,"menu_order":0,"comment_status":"closed","ping_status":"closed","template":"elementor_header_footer","meta":{"_acf_changed":false,"footnotes":""},"class_list":["post-733","page","type-page","status-publish","hentry"],"acf":[],"_hostinger_reach_plugin_has_subscription_block":false,"_hostinger_reach_plugin_is_elementor":false,"_links":{"self":[{"href":"https:\/\/rsinsulationboard.com\/vi\/wp-json\/wp\/v2\/pages\/733","targetHints":{"allow":["GET"]}}],"collection":[{"href":"https:\/\/rsinsulationboard.com\/vi\/wp-json\/wp\/v2\/pages"}],"about":[{"href":"https:\/\/rsinsulationboard.com\/vi\/wp-json\/wp\/v2\/types\/page"}],"author":[{"embeddable":true,"href":"https:\/\/rsinsulationboard.com\/vi\/wp-json\/wp\/v2\/users\/1"}],"replies":[{"embeddable":true,"href":"https:\/\/rsinsulationboard.com\/vi\/wp-json\/wp\/v2\/comments?post=733"}],"version-history":[{"count":117,"href":"https:\/\/rsinsulationboard.com\/vi\/wp-json\/wp\/v2\/pages\/733\/revisions"}],"predecessor-version":[{"id":4660,"href":"https:\/\/rsinsulationboard.com\/vi\/wp-json\/wp\/v2\/pages\/733\/revisions\/4660"}],"wp:attachment":[{"href":"https:\/\/rsinsulationboard.com\/vi\/wp-json\/wp\/v2\/media?parent=733"}],"curies":[{"name":"wp","href":"https:\/\/api.w.org\/{rel}","templated":true}]}}